{"id":43,"date":"2023-10-15T18:27:02","date_gmt":"2023-10-15T16:27:02","guid":{"rendered":"https:\/\/bjdietetique.fr\/?page_id=43"},"modified":"2023-10-15T18:27:58","modified_gmt":"2023-10-15T16:27:58","slug":"les-consultations-comment-ca-marche","status":"publish","type":"page","link":"https:\/\/bjdietetique.fr\/index.php\/les-consultations-comment-ca-marche\/","title":{"rendered":"Les consultations, comment \u00e7a marche ?"},"content":{"rendered":"\n<p><strong>Premi\u00e8re consultation &#8211; Bilan nutritionnel initial :<\/strong>&nbsp;&nbsp;<\/p>\n\n\n\n<p>Nous allons \u00e9chang\u00e9 ensemble pendant 1h \u00e0 1h30 sur vos motivations et objectifs, votre mode de vie, vos habitudes alimentaires\u2026<\/p>\n\n\n\n<p>Nous proc\u00e9derons ensuite \u00e0 une pes\u00e9e et \u00e0 la prise des mesures corporelles.&nbsp;<\/p>\n\n\n\n<p>Suite \u00e0 ces informations, je vous d\u00e9livrerai des conseils personnalis\u00e9s et vous proposerai un programme alimentaire sur mesure r\u00e9pondant \u00e0 vos objectifs et vos besoins nutritionnels.&nbsp;<\/p>\n\n\n\n<p>Je vous proposerai \u00e9galement des conseils pour g\u00e9rer les semaines \u00e0 venir en fonction des \u00e9v\u00e8nements pr\u00e9vus.&nbsp;<\/p>\n\n\n\n<p>Enfin, nous mettrons en place des objectifs \u00e0 atteindre pour la consultation suivante.&nbsp;<\/p>\n\n\n\n<p><strong>Consultation de suivi :&nbsp;<\/strong><\/p>\n\n\n\n<p>Lors des consultations de suivi qui se d\u00e9roulent toutes les semaines ou toutes les deux semaines en fonction de vos attentes personnelles , nous allons suivre votre \u00e9volution, adapter les objectifs et ajuster le plan alimentaire au besoin.<\/p>\n\n\n\n<p>Le but de ces consultations est de maintenir votre motivation gr\u00e2ce \u00e0 un accompagnement de qualit\u00e9.&nbsp;<\/p>\n\n\n\n<p>Nous suivrons \u00e9galement votre courbe pond\u00e9ral ainsi que vos mesures corporelles.&nbsp;<\/p>\n\n\n\n<p><strong>Vous doutez encore ?<\/strong><\/p>\n\n\n\n<p>Laissez moi vous proposer une derni\u00e8re solution : un <strong>bilan di\u00e9t\u00e9tique d\u00e9couverte<\/strong> !&nbsp;<\/p>\n\n\n\n<p>D\u2019une dur\u00e9e de 20 minutes, je vous propose de faire le point sur votre \u00e9tat nutritionnel et votre \u00e9tat de sant\u00e9 gr\u00e2ce \u00e0 un calcul de votre IMC, de votre % masse grasse ainsi que de votre tour de taille.&nbsp;<\/p>\n\n\n\n<p>Ce bilan vous permettra de prendre contact avec moi, il vous permettra de d\u00e9couvrir ma m\u00e9thode ce qui vous convaincra peut-\u00eatre de commencer un suivi di\u00e9t\u00e9tique avec moi afin que nous puissions ensemble attendre vos objectifs.&nbsp;<\/p>\n\n\n\n<p>SANS ENGAGEMENT<\/p>\n\n\n\n<h2 class=\"wp-block-heading\"><strong>TARIFS :<\/strong><\/h2>\n\n\n\n<p><strong>Bilan di\u00e9t\u00e9tique d\u00e9couverte ( uniquement en cabinet )<\/strong><\/p>\n\n\n\n<p>&nbsp;&#8211; 20 minutes &#8211; 15 \u20ac (prix substitu\u00e9 \u00e0 celui de la premi\u00e8re consultation si vous d\u00e9cidez de commencer un suivi di\u00e9t\u00e9tique)<\/p>\n\n\n\n<p><strong>Consultation de suivi hebdomadaire<\/strong>&nbsp;<\/p>\n\n\n\n<ul class=\"wp-block-list\">\n<li>20 minutes &#8211; 25 \u20ac soit 100 \u20ac par mois<\/li>\n<\/ul>\n\n\n\n<p><strong>Consultation de suivi bi-mensuelle<\/strong><\/p>\n\n\n\n<ul class=\"wp-block-list\">\n<li>30 minutes &#8211; 40 \u20ac soit 80 euros par mois&nbsp;<\/li>\n<\/ul>\n\n\n\n<p><strong>Frais de d\u00e9placements \u00e0 domicile <\/strong>:<\/p>\n\n\n\n<ul class=\"wp-block-list\">\n<li>+ 5\u20ac par consultation pour les distances \u2264&nbsp;15 km<\/li>\n\n\n\n<li>+ 10 \u20ac par consultation pour une distance \u2265 15 km <\/li>\n\n\n\n<li>D\u00e9placement dans un rayon de 30 km &#8211; distance calcul\u00e9e depuis Saint-Victoret (13730)<\/li>\n<\/ul>\n","protected":false},"excerpt":{"rendered":"<p>Premi\u00e8re consultation &#8211; Bilan nutritionnel initial :&nbsp;&nbsp; Nous allons \u00e9chang\u00e9 ensemble pendant 1h \u00e0 1h30 sur vos motivations et objectifs, votre mode de vie, vos habitudes alimentaires\u2026 Nous proc\u00e9derons ensuite \u00e0 une pes\u00e9e et \u00e0 la prise des mesures corporelles.&nbsp; Suite \u00e0 ces informations, je vous d\u00e9livrerai des conseils personnalis\u00e9s et vous proposerai un programme &hellip;<\/p>\n<p class=\"read-more\"> <a class=\"\" href=\"https:\/\/bjdietetique.fr\/index.php\/les-consultations-comment-ca-marche\/\"> <span class=\"screen-reader-text\">Les consultations, comment \u00e7a marche ?<\/span> Lire la suite\u00a0\u00bb<\/a><\/p>\n","protected":false},"author":1,"featured_media":0,"parent":0,"menu_order":0,"comment_status":"closed","ping_status":"closed","template":"","meta":{"site-sidebar-layout":"default","site-content-layout":"","ast-site-content-layout":"","site-content-style":"default","site-sidebar-style":"default","ast-global-header-display":"","ast-banner-title-visibility":"","ast-main-header-display":"","ast-hfb-above-header-display":"","ast-hfb-below-header-display":"","ast-hfb-mobile-header-display":"","site-post-title":"","ast-breadcrumbs-content":"","ast-featured-img":"","footer-sml-layout":"","theme-transparent-header-meta":"","adv-header-id-meta":"","stick-header-meta":"","header-above-stick-meta":"","header-main-stick-meta":"","header-below-stick-meta":"","astra-migrate-meta-layouts":"","ast-page-background-enabled":"default","ast-page-background-meta":{"desktop":{"background-color":"var(--ast-global-color-4)","background-image":"","background-repeat":"repeat","background-position":"center center","background-size":"auto","background-attachment":"scroll","background-type":"","background-media":"","overlay-type":"","overlay-color":"","overlay-gradient":""},"tablet":{"background-color":"","background-image":"","background-repeat":"repeat","background-position":"center center","background-size":"auto","background-attachment":"scroll","background-type":"","background-media":"","overlay-type":"","overlay-color":"","overlay-gradient":""},"mobile":{"background-color":"","background-image":"","background-repeat":"repeat","background-position":"center center","background-size":"auto","background-attachment":"scroll","background-type":"","background-media":"","overlay-type":"","overlay-color":"","overlay-gradient":""}},"ast-content-background-meta":{"desktop":{"background-color":"var(--ast-global-color-5)","background-image":"","background-repeat":"repeat","background-position":"center center","background-size":"auto","background-attachment":"scroll","background-type":"","background-media":"","overlay-type":"","overlay-color":"","overlay-gradient":""},"tablet":{"background-color":"var(--ast-global-color-5)","background-image":"","background-repeat":"repeat","background-position":"center center","background-size":"auto","background-attachment":"scroll","background-type":"","background-media":"","overlay-type":"","overlay-color":"","overlay-gradient":""},"mobile":{"background-color":"var(--ast-global-color-5)","background-image":"","background-repeat":"repeat","background-position":"center center","background-size":"auto","background-attachment":"scroll","background-type":"","background-media":"","overlay-type":"","overlay-color":"","overlay-gradient":""}},"footnotes":""},"class_list":["post-43","page","type-page","status-publish","hentry"],"_links":{"self":[{"href":"https:\/\/bjdietetique.fr\/index.php\/wp-json\/wp\/v2\/pages\/43","targetHints":{"allow":["GET"]}}],"collection":[{"href":"https:\/\/bjdietetique.fr\/index.php\/wp-json\/wp\/v2\/pages"}],"about":[{"href":"https:\/\/bjdietetique.fr\/index.php\/wp-json\/wp\/v2\/types\/page"}],"author":[{"embeddable":true,"href":"https:\/\/bjdietetique.fr\/index.php\/wp-json\/wp\/v2\/users\/1"}],"replies":[{"embeddable":true,"href":"https:\/\/bjdietetique.fr\/index.php\/wp-json\/wp\/v2\/comments?post=43"}],"version-history":[{"count":2,"href":"https:\/\/bjdietetique.fr\/index.php\/wp-json\/wp\/v2\/pages\/43\/revisions"}],"predecessor-version":[{"id":45,"href":"https:\/\/bjdietetique.fr\/index.php\/wp-json\/wp\/v2\/pages\/43\/revisions\/45"}],"wp:attachment":[{"href":"https:\/\/bjdietetique.fr\/index.php\/wp-json\/wp\/v2\/media?parent=43"}],"curies":[{"name":"wp","href":"https:\/\/api.w.org\/{rel}","templated":true}]}}